{"id":15717,"date":"2025-02-23T23:38:00","date_gmt":"2025-02-23T16:38:00","guid":{"rendered":"https:\/\/nowbookcar.com\/live\/?post_type=product&#038;p=15717"},"modified":"2025-09-29T06:57:46","modified_gmt":"2025-09-28T23:57:46","slug":"taxi-san-bay-noi-bai-gia-re-xe-5-cho","status":"publish","type":"product","link":"https:\/\/nowbookcar.com\/live\/product\/taxi-san-bay-noi-bai-gia-re-xe-5-cho\/","title":{"rendered":"Taxi s\u00e2n bay N\u1ed9i B\u00e0i gi\u00e1 r\u1ebb &#8211; Xe 5 ch\u1ed7"},"content":{"rendered":"<ul>\n<li>H\u01a1n\u00a010+ n\u0103m kinh nghi\u1ec7m\u00a0l\u0129nh v\u1ef1c Xe Taxi S\u00e2n Bay (H\u00e0 N\u1ed9i \u21cc N\u1ed9i B\u00e0i \u21cc C\u00e1c T\u1ec9nh)<\/li>\n<li>H\u01a1n\u00a0100+ xe sang \u0111\u1eddi m\u1edbi\u00a0(4 &#8211; 5 &#8211; 7 &#8211; 16 &#8211; 29 &#8211; 45 ch\u1ed7)<\/li>\n<li>T\u00e0i x\u1ebf chuy\u00ean nghi\u1ec7p, l\u1ecbch s\u1ef1. \u0110\u01b0a \u0111\u00f3n \u0111\u00fang gi\u1edd, \u0111\u00fang l\u1ecbch tr\u00ecnh.<\/li>\n<li>Mi\u1ec5n ph\u00ed th\u1eddi gian ch\u1edd 60 ph\u00fat<\/li>\n<li>Gi\u00e1 \u00e1p d\u1ee5ng 5 qu\u1eadn n\u1ed9i th\u00e0nh: C\u1ea7u Gi\u1ea5y, Ba \u0110\u00ecnh, Ho\u00e0n Ki\u1ebfm, T\u00e2y H\u1ed3 c\u00e1c qu\u1eadn xa thu ph\u1ee5 ph\u00ed.<\/li>\n<li class=\"\">\u0110i s\u00e2n bay s\u00e1ng s\u1edbm: Ph\u1ee5 thu 20.000\u0111 \u2013 50.000\u0111 (Tu\u1ef3 \u0111\u1ecba \u0111i\u1ec3m)<\/li>\n<li class=\"\">\u01afu \u0111\u00e3i chi\u1ec1u v\u1ec1\u00a0gi\u1ea3m gi\u00e1 20%<\/li>\n<li><img fetchpriority=\"high\" decoding=\"async\" class=\"alignnone size-medium wp-image-15612\" src=\"https:\/\/nowbookcar.com\/live\/wp-content\/uploads\/2025\/02\/xEjN1EjXelXZrJGde5FdhhXat42bp1iYhlWLwMTLxYTO2gTO0kjNx0SM3MTO3YzNycDM-300x225.jpg\" alt=\"\" width=\"300\" height=\"225\" srcset=\"https:\/\/nowbookcar.com\/live\/wp-content\/uploads\/2025\/02\/xEjN1EjXelXZrJGde5FdhhXat42bp1iYhlWLwMTLxYTO2gTO0kjNx0SM3MTO3YzNycDM-300x225.jpg 300w, https:\/\/nowbookcar.com\/live\/wp-content\/uploads\/2025\/02\/xEjN1EjXelXZrJGde5FdhhXat42bp1iYhlWLwMTLxYTO2gTO0kjNx0SM3MTO3YzNycDM-600x450.jpg 600w, https:\/\/nowbookcar.com\/live\/wp-content\/uploads\/2025\/02\/xEjN1EjXelXZrJGde5FdhhXat42bp1iYhlWLwMTLxYTO2gTO0kjNx0SM3MTO3YzNycDM-768x576.jpg 768w, https:\/\/nowbookcar.com\/live\/wp-content\/uploads\/2025\/02\/xEjN1EjXelXZrJGde5FdhhXat42bp1iYhlWLwMTLxYTO2gTO0kjNx0SM3MTO3YzNycDM.jpg 800w\" sizes=\"(max-width: 300px) 100vw, 300px\" \/><\/li>\n<\/ul>\n","protected":false},"excerpt":{"rendered":"<p>H\u01a1n\u00a010+ n\u0103m kinh nghi\u1ec7m\u00a0l\u0129nh v\u1ef1c Xe Taxi S\u00e2n Bay (H\u00e0 N\u1ed9i \u21cc N\u1ed9i B\u00e0i \u21cc C\u00e1c T\u1ec9nh) H\u01a1n\u00a0100+ xe sang \u0111\u1eddi m\u1edbi\u00a0(4 &#8211; 5 &#8211; 7 &#8211; 16 &#8211; 29 &#8211; 45 ch\u1ed7) T\u00e0i x\u1ebf chuy\u00ean nghi\u1ec7p, l\u1ecbch s\u1ef1. \u0110\u01b0a \u0111\u00f3n \u0111\u00fang gi\u1edd, \u0111\u00fang l\u1ecbch tr\u00ecnh. Mi\u1ec5n ph\u00ed th\u1eddi gian ch\u1edd&#8230;<\/p>\n","protected":false},"author":37,"featured_media":15740,"comment_status":"open","ping_status":"closed","template":"","meta":{"_acf_changed":false,"_siteseo_robots_primary_cat":"227","pagelayer_contact_templates":[],"_pagelayer_content":""},"product_brand":[301],"product_cat":[227,229],"product_tag":[293,294,297],"languages":[],"duration":[],"expertise_level":[],"skills":[],"delivery_time":[300],"class_list":{"0":"post-15717","1":"product","2":"type-product","3":"status-publish","4":"has-post-thumbnail","6":"product_brand-thuong-hieu-1","7":"product_cat-di-chuyen","8":"product_cat-xe-san-bay","9":"product_tag-thue-xe-4-cho","10":"product_tag-thue-xe-7-cho","11":"product_tag-thue-xe-co-tai-xe-rieng","12":"delivery_time-trong-ngay","14":"first","15":"instock","16":"shipping-taxable","17":"purchasable","18":"product-type-tasks"},"acf":[],"jetpack_sharing_enabled":true,"_links":{"self":[{"href":"https:\/\/nowbookcar.com\/live\/wp-json\/wp\/v2\/product\/15717","targetHints":{"allow":["GET"]}}],"collection":[{"href":"https:\/\/nowbookcar.com\/live\/wp-json\/wp\/v2\/product"}],"about":[{"href":"https:\/\/nowbookcar.com\/live\/wp-json\/wp\/v2\/types\/product"}],"author":[{"embeddable":true,"href":"https:\/\/nowbookcar.com\/live\/wp-json\/wp\/v2\/users\/37"}],"replies":[{"embeddable":true,"href":"https:\/\/nowbookcar.com\/live\/wp-json\/wp\/v2\/comments?post=15717"}],"wp:featuredmedia":[{"embeddable":true,"href":"https:\/\/nowbookcar.com\/live\/wp-json\/wp\/v2\/media\/15740"}],"wp:attachment":[{"href":"https:\/\/nowbookcar.com\/live\/wp-json\/wp\/v2\/media?parent=15717"}],"wp:term":[{"taxonomy":"product_brand","embeddable":true,"href":"https:\/\/nowbookcar.com\/live\/wp-json\/wp\/v2\/product_brand?post=15717"},{"taxonomy":"product_cat","embeddable":true,"href":"https:\/\/nowbookcar.com\/live\/wp-json\/wp\/v2\/product_cat?post=15717"},{"taxonomy":"product_tag","embeddable":true,"href":"https:\/\/nowbookcar.com\/live\/wp-json\/wp\/v2\/product_tag?post=15717"},{"taxonomy":"languages","embeddable":true,"href":"https:\/\/nowbookcar.com\/live\/wp-json\/wp\/v2\/languages?post=15717"},{"taxonomy":"duration","embeddable":true,"href":"https:\/\/nowbookcar.com\/live\/wp-json\/wp\/v2\/duration?post=15717"},{"taxonomy":"expertise_level","embeddable":true,"href":"https:\/\/nowbookcar.com\/live\/wp-json\/wp\/v2\/expertise_level?post=15717"},{"taxonomy":"skills","embeddable":true,"href":"https:\/\/nowbookcar.com\/live\/wp-json\/wp\/v2\/skills?post=15717"},{"taxonomy":"delivery_time","embeddable":true,"href":"https:\/\/nowbookcar.com\/live\/wp-json\/wp\/v2\/delivery_time?post=15717"}],"curies":[{"name":"wp","href":"https:\/\/api.w.org\/{rel}","templated":true}]}}