{"id":15601,"date":"2025-02-16T11:38:45","date_gmt":"2025-02-16T11:38:45","guid":{"rendered":"https:\/\/nowbookcar.com\/live\/?post_type=product&#038;p=15601"},"modified":"2025-02-17T01:48:33","modified_gmt":"2025-02-17T01:48:33","slug":"dich-vu-dat-xe-di-san-bay-noi-bai-uy-tin-va-chat-luong-24h-7","status":"publish","type":"product","link":"https:\/\/nowbookcar.com\/live\/product\/dich-vu-dat-xe-di-san-bay-noi-bai-uy-tin-va-chat-luong-24h-7\/","title":{"rendered":"D\u1ecbch v\u1ee5 \u0111\u1eb7t xe \u0111i s\u00e2n bay N\u1ed9i B\u00e0i uy t\u00edn v\u00e0 ch\u1ea5t l\u01b0\u1ee3ng 24h\/7"},"content":{"rendered":"<p><span style=\"font-family: arial, helvetica, sans-serif; font-size: 12pt;\">D\u1ecbch v\u1ee5 \u0111\u1eb7t xe \u0111i s\u00e2n bay n\u1ed9i b\u00e0i uy t\u00edn v\u00e0 ch\u1ea5t l\u01b0\u1ee3ng 247<\/span><\/p>\n<p><span style=\"font-family: arial, helvetica, sans-serif; font-size: 12pt;\">Tr\u1ea3i nghi\u1ec7m d\u1ecbch v\u1ee5 \u0111\u1eb7t xe taxi \u0111i s\u00e2n bay n\u1ed9i b\u00e0i h\u00e0 n\u1ed9i nhanh ch\u00f3ng v\u00e0 d\u1ec5 d\u00e0ng c\u1ee7a v\u1eadn t\u1ea3i n\u1ed9i b\u00e0i 247 ch\u1eafc ch\u1eafn s\u1ebd l\u00e0m h\u00e0i l\u00f2ng m\u1ecdi qu\u00fd kh\u00e1ch h\u00e0ng v\u1edbi 4 l\u1ee3i \u00edch khi s\u1eed d\u1ee5ng d\u1ecbch v\u1ee5<\/span><\/p>\n<p><span style=\"font-family: arial, helvetica, sans-serif; font-size: 12pt;\">V\u1eadn T\u1ea3i N\u1ed9i B\u00e0i 247 l\u00e0 m\u1ed9t trong nh\u1eefng th\u01b0\u01a1ng hi\u1ec7u \u0111\u01b0\u1ee3c ph\u00e1t tri\u1ec3n t\u1eeb n\u0103m 2006 tr\u1ea3i qua h\u01a1n 14 n\u0103m ph\u00e1t tri\u1ec3n cho \u0111\u1ebfn nay k\u1ec3 t\u1eeb khi th\u00e0nh l\u1eadp .V\u1eadn T\u1ea3i N\u1ed9i B\u00e0i 247 \u0111\u00e3 th\u1ef1c hi\u1ec7n h\u00e0ng ch\u1ee5c tri\u1ec7u l\u01b0\u1ee3t \u0111\u01b0a \u0111\u00f3n kh\u00e1ch h\u00e0ng t\u1eeb h\u00e0 n\u1ed9i \u0111\u1ebfn s\u00e2n bay n\u1ed9i b\u00e0i v\u00e0 t\u1eeb s\u00e2n bay n\u1ed9i b\u00e0i v\u1ec1 h\u00e0 n\u1ed9i\u00a0 \u2026..<\/span><\/p>\n<p>&nbsp;<\/p>\n<p><span style=\"font-family: arial, helvetica, sans-serif; font-size: 12pt;\">V\u1edbi \u0111\u1ed9 ng\u0169 l\u00e1i xe th\u00e2n thi\u1ec7n \u0111\u01b0\u1ee3c \u0111\u00e0o t\u1ea1o k\u1ef9 n\u0103ng chuy\u00ean nghi\u1ec7p , h\u1ec7 th\u1ed1ng qu\u1ea3n l\u00fd l\u1ecbch tr\u00ecnh \u0111\u01b0a \u0111\u00f3n c\u00f9ng ch\u1ebf \u0111\u1ed9 ch\u0103m s\u00f3c ph\u1ea3n \u00e1nh ch\u1ea5t l\u01b0\u1ee3ng d\u1ecbch v\u1ee5 , V\u1eadn T\u1ea3i N\u1ed9i B\u00e0i 247 cam k\u1ebft qu\u00fd kh\u00e1ch h\u00e0ng s\u1ebd \u0111\u01b0\u1ee3c tr\u1ea3i nghi\u1ec7m d\u1ecbch v\u1ee5 m\u1ed9t c\u00e1ch ho\u00e0n h\u1ea3o nh\u1ea5t .<\/span><\/p>\n<p><span style=\"font-family: arial, helvetica, sans-serif; font-size: 12pt;\">B\u1ea2NG GI\u00c1 D\u1ecaCH V\u1ee4<\/span><\/p>\n<p><span style=\"font-family: arial, helvetica, sans-serif; font-size: 12pt;\">LO\u1ea0I XE<\/span><br \/>\n<span style=\"font-family: arial, helvetica, sans-serif; font-size: 12pt;\">H\u00e0 N\u1ed9i =&gt; N\u1ed9i B\u00e0i<\/span><br \/>\n<span style=\"font-family: arial, helvetica, sans-serif; font-size: 12pt;\">N\u1ed9i B\u00e0i =&gt; H\u00e0 N\u1ed9i<\/span><br \/>\n<span style=\"font-family: arial, helvetica, sans-serif; font-size: 12pt;\">Hai chi\u1ec1u (trong ng\u00e0y)<\/span><\/p>\n<p>&nbsp;<\/p>\n<table style=\"height: 244px; width: 86.0738%; border-style: inset;\" border=\"1\" cellspacing=\"0\" cellpadding=\"10\">\n<tbody>\n<tr>\n<td><span style=\"font-family: arial, helvetica, sans-serif; font-size: 12pt;\">LO\u1ea0I XE<\/span><\/td>\n<td><span style=\"font-family: arial, helvetica, sans-serif; font-size: 12pt;\">H\u00e0 N\u1ed9i =&gt; N\u1ed9i B\u00e0i<\/span><\/td>\n<td><span style=\"font-family: arial, helvetica, sans-serif; font-size: 12pt;\">N\u1ed9i B\u00e0i =&gt; H\u00e0 N\u1ed9i<\/span><\/td>\n<td><span style=\"font-family: arial, helvetica, sans-serif; font-size: 12pt;\">Hai chi\u1ec1u (trong ng\u00e0y)<\/span><\/td>\n<\/tr>\n<tr>\n<td><span style=\"font-family: arial, helvetica, sans-serif; font-size: 12pt;\">4 ch\u1ed7<\/span><\/td>\n<td><span style=\"font-family: arial, helvetica, sans-serif; font-size: 12pt;\">t\u1eeb 170.000\u0111<\/span><\/td>\n<td><span style=\"font-family: arial, helvetica, sans-serif; font-size: 12pt;\">t\u1eeb 180.000\u0111<\/span><\/td>\n<td><span style=\"font-family: arial, helvetica, sans-serif; font-size: 12pt;\">t\u1eeb 330.000\u0111<\/span><\/td>\n<\/tr>\n<tr>\n<td><span style=\"font-family: arial, helvetica, sans-serif; font-size: 12pt;\">5 ch\u1ed7<\/span><\/td>\n<td><span style=\"font-family: arial, helvetica, sans-serif; font-size: 12pt;\">t\u1eeb 180.000\u0111<\/span><\/td>\n<td><span style=\"font-family: arial, helvetica, sans-serif; font-size: 12pt;\">t\u1eeb 190.000\u0111<\/span><\/td>\n<td><span style=\"font-family: arial, helvetica, sans-serif; font-size: 12pt;\">t\u1eeb 360.000\u0111<\/span><\/td>\n<\/tr>\n<tr>\n<td><span style=\"font-family: arial, helvetica, sans-serif; font-size: 12pt;\">7 ch\u1ed7<\/span><\/td>\n<td><span style=\"font-family: arial, helvetica, sans-serif; font-size: 12pt;\">t\u1eeb 220.000\u0111<\/span><\/td>\n<td><span style=\"font-family: arial, helvetica, sans-serif; font-size: 12pt;\">t\u1eeb\u00a0240.000\u0111<\/span><\/td>\n<td><span style=\"font-family: arial, helvetica, sans-serif; font-size: 12pt;\">t\u1eeb 410.000\u0111<\/span><\/td>\n<\/tr>\n<tr>\n<td><span style=\"font-family: arial, helvetica, sans-serif; font-size: 12pt;\">16 ch\u1ed7<\/span><\/td>\n<td><span style=\"font-family: arial, helvetica, sans-serif; font-size: 12pt;\">t\u1eeb 330.000\u0111<\/span><\/td>\n<td><span style=\"font-family: arial, helvetica, sans-serif; font-size: 12pt;\">t\u1eeb\u00a0430.000\u0111<\/span><\/td>\n<td><span style=\"font-family: arial, helvetica, sans-serif; font-size: 12pt;\">t\u1eeb 620.000\u0111<\/span><\/td>\n<\/tr>\n<\/tbody>\n<\/table>\n<p>&nbsp;<\/p>\n<table style=\"height: 72px; width: 100%; border-collapse: collapse; border-style: ridge;\" border=\"1\" cellspacing=\"1\" cellpadding=\"1\">\n<tbody>\n<tr style=\"height: 24px;\">\n<td style=\"width: 25%; height: 24px;\">1<\/td>\n<td style=\"width: 25%; height: 24px;\">2<\/td>\n<td style=\"width: 25%; height: 24px;\">3<\/td>\n<td style=\"width: 25%; height: 24px;\">4<\/td>\n<\/tr>\n<tr style=\"height: 24px;\">\n<td style=\"width: 25%; height: 24px;\"><\/td>\n<td style=\"width: 25%; height: 24px;\"><\/td>\n<td style=\"width: 25%; height: 24px;\"><\/td>\n<td style=\"width: 25%; height: 24px;\"><\/td>\n<\/tr>\n<tr style=\"height: 24px;\">\n<td style=\"width: 25%; height: 24px;\"><\/td>\n<td style=\"width: 25%; height: 24px;\"><\/td>\n<td style=\"width: 25%; height: 24px;\"><\/td>\n<td style=\"width: 25%; height: 24px;\"><\/td>\n<\/tr>\n<\/tbody>\n<\/table>\n<p><img fetchpriority=\"high\" decoding=\"async\" class=\"alignnone wp-image-15608\" src=\"https:\/\/nowbookcar.com\/live\/wp-content\/uploads\/2025\/02\/BMW-330i-Msport-Binh-Duong-3-1-300x225.jpg\" alt=\"\" width=\"497\" height=\"373\" srcset=\"https:\/\/nowbookcar.com\/live\/wp-content\/uploads\/2025\/02\/BMW-330i-Msport-Binh-Duong-3-1-300x225.jpg 300w, https:\/\/nowbookcar.com\/live\/wp-content\/uploads\/2025\/02\/BMW-330i-Msport-Binh-Duong-3-1-600x450.jpg 600w, https:\/\/nowbookcar.com\/live\/wp-content\/uploads\/2025\/02\/BMW-330i-Msport-Binh-Duong-3-1-768x576.jpg 768w, https:\/\/nowbookcar.com\/live\/wp-content\/uploads\/2025\/02\/BMW-330i-Msport-Binh-Duong-3-1.jpg 900w\" sizes=\"(max-width: 497px) 100vw, 497px\" \/><\/p>\n","protected":false},"excerpt":{"rendered":"<p>good job<\/p>\n","protected":false},"author":34,"featured_media":15603,"comment_status":"open","ping_status":"closed","template":"","meta":{"_acf_changed":false,"_siteseo_robots_primary_cat":"227","pagelayer_contact_templates":[],"_pagelayer_content":""},"product_brand":[],"product_cat":[227,229],"product_tag":[],"languages":[],"duration":[],"expertise_level":[],"skills":[],"delivery_time":[273],"class_list":{"0":"post-15601","1":"product","2":"type-product","3":"status-publish","4":"has-post-thumbnail","6":"product_cat-di-chuyen","7":"product_cat-xe-san-bay","8":"delivery_time-1-ngay","10":"first","11":"instock","12":"shipping-taxable","13":"purchasable","14":"product-type-tasks"},"acf":[],"jetpack_sharing_enabled":true,"_links":{"self":[{"href":"https:\/\/nowbookcar.com\/live\/wp-json\/wp\/v2\/product\/15601","targetHints":{"allow":["GET"]}}],"collection":[{"href":"https:\/\/nowbookcar.com\/live\/wp-json\/wp\/v2\/product"}],"about":[{"href":"https:\/\/nowbookcar.com\/live\/wp-json\/wp\/v2\/types\/product"}],"author":[{"embeddable":true,"href":"https:\/\/nowbookcar.com\/live\/wp-json\/wp\/v2\/users\/34"}],"replies":[{"embeddable":true,"href":"https:\/\/nowbookcar.com\/live\/wp-json\/wp\/v2\/comments?post=15601"}],"wp:featuredmedia":[{"embeddable":true,"href":"https:\/\/nowbookcar.com\/live\/wp-json\/wp\/v2\/media\/15603"}],"wp:attachment":[{"href":"https:\/\/nowbookcar.com\/live\/wp-json\/wp\/v2\/media?parent=15601"}],"wp:term":[{"taxonomy":"product_brand","embeddable":true,"href":"https:\/\/nowbookcar.com\/live\/wp-json\/wp\/v2\/product_brand?post=15601"},{"taxonomy":"product_cat","embeddable":true,"href":"https:\/\/nowbookcar.com\/live\/wp-json\/wp\/v2\/product_cat?post=15601"},{"taxonomy":"product_tag","embeddable":true,"href":"https:\/\/nowbookcar.com\/live\/wp-json\/wp\/v2\/product_tag?post=15601"},{"taxonomy":"languages","embeddable":true,"href":"https:\/\/nowbookcar.com\/live\/wp-json\/wp\/v2\/languages?post=15601"},{"taxonomy":"duration","embeddable":true,"href":"https:\/\/nowbookcar.com\/live\/wp-json\/wp\/v2\/duration?post=15601"},{"taxonomy":"expertise_level","embeddable":true,"href":"https:\/\/nowbookcar.com\/live\/wp-json\/wp\/v2\/expertise_level?post=15601"},{"taxonomy":"skills","embeddable":true,"href":"https:\/\/nowbookcar.com\/live\/wp-json\/wp\/v2\/skills?post=15601"},{"taxonomy":"delivery_time","embeddable":true,"href":"https:\/\/nowbookcar.com\/live\/wp-json\/wp\/v2\/delivery_time?post=15601"}],"curies":[{"name":"wp","href":"https:\/\/api.w.org\/{rel}","templated":true}]}}